{"id":5,"date":"2025-02-26T13:56:36","date_gmt":"2025-02-26T12:56:36","guid":{"rendered":"http:\/\/www.praxis-deutschmann.de\/?page_id=5"},"modified":"2025-02-27T13:43:03","modified_gmt":"2025-02-27T12:43:03","slug":"praxis-deutschmann","status":"publish","type":"page","link":"https:\/\/www.praxis-deutschmann.de\/","title":{"rendered":"Praxis Deutschmann"},"content":{"rendered":"\n<p class=\"has-black-color has-text-color has-link-color wp-elements-af6a66d1461df2a2923ac8578ee871bc\">Seit 24 Jahren existiert meine Praxis in Berlin Kreuzberg. Akute und chronische Verletzungen des Bewegungsapparates behandle ich mit der chinesischen Chiropraktik \u2013 Tieh Ta Tuina \u2013 und begleite diese Behandlung mit Pythotherapie und Ern\u00e4hrungshinweisen. Tieh Ta Tuina ist eine alte Heilkunst aus der Kung Fu Kampfkunsttradition, die ich nun seit \u00fcber 24 Jahren t\u00e4glich praktiziere.<\/p>\n\n\n\n<p><\/p>\n","protected":false},"excerpt":{"rendered":"<p>Seit 24 Jahren existiert meine Praxis in Berlin Kreuzberg. Akute und chronische Verletzungen des Bewegungsapparates behandle ich mit der chinesischen Chiropraktik \u2013 Tieh Ta Tuina \u2013 und begleite diese Behandlung mit Pythotherapie und Ern\u00e4hrungshinweisen. Tieh Ta Tuina ist eine alte Heilkunst aus der Kung Fu Kampfkunsttradition, die ich nun seit \u00fcber 24 Jahren t\u00e4glich praktiziere.<\/p>\n","protected":false},"author":1,"featured_media":0,"parent":0,"menu_order":0,"comment_status":"closed","ping_status":"closed","template":"template-full-width.php","meta":{"footnotes":""},"class_list":{"0":"post-5","1":"page","2":"type-page","3":"status-publish","4":"hentry","5":"","6":"blog-blocks-layout","7":"blog-style-imgblock","9":"blog-alt-odd"},"_links":{"self":[{"href":"https:\/\/www.praxis-deutschmann.de\/index.php?rest_route=\/wp\/v2\/pages\/5","targetHints":{"allow":["GET"]}}],"collection":[{"href":"https:\/\/www.praxis-deutschmann.de\/index.php?rest_route=\/wp\/v2\/pages"}],"about":[{"href":"https:\/\/www.praxis-deutschmann.de\/index.php?rest_route=\/wp\/v2\/types\/page"}],"author":[{"embeddable":true,"href":"https:\/\/www.praxis-deutschmann.de\/index.php?rest_route=\/wp\/v2\/users\/1"}],"replies":[{"embeddable":true,"href":"https:\/\/www.praxis-deutschmann.de\/index.php?rest_route=%2Fwp%2Fv2%2Fcomments&post=5"}],"version-history":[{"count":12,"href":"https:\/\/www.praxis-deutschmann.de\/index.php?rest_route=\/wp\/v2\/pages\/5\/revisions"}],"predecessor-version":[{"id":208,"href":"https:\/\/www.praxis-deutschmann.de\/index.php?rest_route=\/wp\/v2\/pages\/5\/revisions\/208"}],"wp:attachment":[{"href":"https:\/\/www.praxis-deutschmann.de\/index.php?rest_route=%2Fwp%2Fv2%2Fmedia&parent=5"}],"curies":[{"name":"wp","href":"https:\/\/api.w.org\/{rel}","templated":true}]}}